{"id":53,"date":"2022-03-06T19:06:35","date_gmt":"2022-03-06T19:06:35","guid":{"rendered":"https:\/\/contentpops.com\/?page_id=53"},"modified":"2025-11-28T12:26:42","modified_gmt":"2025-11-28T12:26:42","slug":"about","status":"publish","type":"page","link":"https:\/\/contentpops.com\/it\/about\/","title":{"rendered":"Chi siamo"},"content":{"rendered":"<div class=\"style-337 style-local-53-c1 position-relative\" data-colibri-id=\"53-c1\">\n<p class=\"translation-block\"><span style=\"font-size: revert;color: initial\">Diciamoci la verit\u00e0 \u2014 essere adulti \u00e8 gi\u00e0 abbastanza complicato, figuriamoci dover aprire 47 schede per trovare il cuscino <\/span><em style=\"font-size: revert;color: initial\" data-start=\"288\" data-end=\"295\">giusto<\/em><span style=\"font-size: revert;color: initial\">, un paio di jeans che calzino davvero bene o quella candela virale di cui tutti parlano (ma nessuno ti dice se profuma di sogni o di rimpianti).<\/span><\/p>\n<div id=\"about\" class=\"h-section h-section-global-spacing d-flex align-items-lg-center align-items-md-center align-items-center style-338 style-local-53-c2 position-relative\" data-colibri-component=\"section\" data-colibri-id=\"53-c2\">\n<div class=\"h-section-grid-container h-section-boxed-container\">\n<div class=\"h-row-container gutters-row-lg-2 gutters-row-md-2 gutters-row-2 gutters-row-v-lg-2 gutters-row-v-md-2 gutters-row-v-2 style-339 style-local-53-c3 position-relative\" data-colibri-id=\"53-c3\">\n<div class=\"h-row justify-content-lg-center justify-content-md-center justify-content-center align-items-lg-stretch align-items-md-stretch align-items-stretch gutters-col-lg-2 gutters-col-md-2 gutters-col-2 gutters-col-v-lg-2 gutters-col-v-md-2 gutters-col-v-2\">\n<div class=\"h-column h-column-container d-flex h-col-lg-auto h-col-md-auto h-col-auto style-340-outer style-local-53-c4-outer\">\n<div class=\"d-flex h-flex-basis h-column__inner h-px-lg-2 h-px-md-2 h-px-2 v-inner-lg-2 v-inner-md-2 v-inner-2 style-340 style-local-53-c4 position-relative\" data-colibri-id=\"53-c4\">\n<div class=\"w-100 h-y-container h-column__content h-column__v-align flex-basis-100 align-self-lg-center align-self-md-center align-self-center\">\n<div class=\"h-global-transition-all h-heading style-342 style-local-53-c6 position-relative h-element\" data-colibri-id=\"53-c6\">\n<div class=\"h-heading__outer style-342 style-local-53-c6\">\n<p data-start=\"442\" data-end=\"744\" class=\"translation-block\"><strong data-start=\"442\" data-end=\"478\">Pop It Pretty \u00e8 la tua BFF digitale<\/strong> per tutto ci\u00f2 che riguarda lifestyle, casa e moda. Scoviamo lo stile, testiamo i prodotti e ti diciamo com\u2019\u00e8 davvero \u2014 cos\u00ec puoi vivere la tua vita estetica al massimo, senza il classico pentimento post-acquisto. Dal minimalismo cozy al d\u00e9cor che sprigiona serotonina, dai guardaroba capsule al caos pi\u00f9 fashion, siamo qui per tutto questo.<\/p>\n<p data-start=\"746\" data-end=\"844\" class=\"translation-block\">Pensaci come a quell\u2019amica cool (un po\u2019 fuori di testa) che ti manda <em data-start=\"813\" data-end=\"818\">il<\/em> link prima ancora che tu glielo chieda.<\/p>\n<h3 data-start=\"227\" data-end=\"258\"><strong data-start=\"234\" data-end=\"258\">Disclaimer affiliazioni<\/strong><\/h3>\n<p data-start=\"260\" data-end=\"569\" class=\"translation-block\">Piccolo avviso: alcuni link presenti sul sito sono link affiliati. Questo significa che potremmo guadagnare una piccola commissione se fai un acquisto \u2014 senza costi aggiuntivi per te. Consigliamo solo prodotti che amiamo davvero, che usiamo o che aggiungeremmo volentieri al nostro carrello. Se sono finiti <em data-start=\"547\" data-end=\"555\">qui<\/em>, c\u2019\u00e8 un motivo.<\/p>\n<p data-start=\"571\" data-end=\"647\">Grazie per supportare Pop It Pretty \u2014 ogni tuo click ci aiuta a mantenere alte le vibrazioni!<\/p>\n<\/div>\n<\/div>\n<\/div>\n<\/div>\n<\/div>\n<div class=\"h-column h-column-container d-flex h-col-lg-auto h-col-md-auto h-col-auto style-346-outer style-local-53-c10-outer\">\n<div class=\"d-flex h-flex-basis h-column__inner h-px-lg-2 h-px-md-2 h-px-2 v-inner-lg-2 v-inner-md-2 v-inner-2 style-346 style-local-53-c10 position-relative\" data-colibri-id=\"53-c10\">\n<div class=\"w-100 h-y-container h-column__content h-column__v-align flex-basis-100 align-self-lg-center align-self-md-center align-self-center\">\n<div class=\"d-block style-347 style-local-53-c11 position-relative h-element\" data-colibri-id=\"53-c11\">\n<div class=\"h-image__frame-container-outer\">\n<div class=\"h-image__frame-container\">\n<p><img loading=\"lazy\" decoding=\"async\" width=\"1196\" height=\"1198\" class=\"wp-image-90 style-347-image style-local-53-c11-image\" src=\"https:\/\/contentpops.com\/wp-content\/uploads\/2022\/03\/cropped-cropped-shutterstock_534008512-scaled-2.jpg\" srcset=\"https:\/\/contentpops.com\/wp-content\/uploads\/2022\/03\/cropped-cropped-shutterstock_534008512-scaled-2.jpg 1196w, https:\/\/contentpops.com\/wp-content\/uploads\/2022\/03\/cropped-cropped-shutterstock_534008512-scaled-2-300x300.jpg 300w, https:\/\/contentpops.com\/wp-content\/uploads\/2022\/03\/cropped-cropped-shutterstock_534008512-scaled-2-1022x1024.jpg 1022w, https:\/\/contentpops.com\/wp-content\/uploads\/2022\/03\/cropped-cropped-shutterstock_534008512-scaled-2-150x150.jpg 150w, https:\/\/contentpops.com\/wp-content\/uploads\/2022\/03\/cropped-cropped-shutterstock_534008512-scaled-2-768x769.jpg 768w\" sizes=\"auto, (max-width: 1196px) 100vw, 1196px\" \/><\/p>\n<\/div>\n<\/div>\n<\/div>\n<\/div>\n<\/div>\n<\/div>\n<\/div>\n<\/div>\n<\/div>\n<\/div>\n<div id=\"custom\" class=\"h-section h-section-global-spacing d-flex align-items-lg-center align-items-md-center align-items-center style-395 style-local-53-c18 position-relative\" data-colibri-component=\"section\" data-colibri-id=\"53-c18\">\n<div class=\"h-section-grid-container h-section-boxed-container\">\n<div class=\"h-row-container gutters-row-lg-2 gutters-row-md-2 gutters-row-0 gutters-row-v-lg-2 gutters-row-v-md-2 gutters-row-v-2 style-402 style-local-53-c25 position-relative\" data-colibri-id=\"53-c25\">\n<div class=\"h-row justify-content-lg-center justify-content-md-center justify-content-center align-items-lg-stretch align-items-md-stretch align-items-stretch gutters-col-lg-2 gutters-col-md-2 gutters-col-0 gutters-col-v-lg-2 gutters-col-v-md-2 gutters-col-v-2\">\n<div class=\"h-column h-column-container d-flex h-col-lg-auto h-col-md-auto h-col-auto style-403-outer style-local-53-c26-outer\">\n<div class=\"d-flex h-flex-basis h-column__inner h-px-lg-2 h-px-md-2 h-px-2 v-inner-lg-2 v-inner-md-2 v-inner-2 style-403 style-local-53-c26 position-relative\" data-colibri-id=\"53-c26\">\n<div class=\"w-100 h-y-container h-column__content h-column__v-align flex-basis-100 align-self-lg-start align-self-md-start align-self-start\">\n<div class=\"h-text h-text-component style-399 style-local-53-c27 position-relative h-element\" data-colibri-id=\"53-c27\">\n<div class=\"\">\n<p style=\"text-align: center;\">Need a break? Check out <a href=\"https:\/\/prochimera.com\/\" target=\"_blank\" rel=\"noopener\">this entertainment site<\/a> for a casual read.<\/p>\n<\/div>\n<\/div>\n<div class=\"d-block style-400 style-local-53-c23 position-relative h-element\" data-colibri-id=\"53-c23\">\n<div class=\"h-image__frame-container-outer\">\n<div class=\"h-image__frame-container\" data-wp-editing=\"1\"><img loading=\"lazy\" decoding=\"async\" class=\"style-400-image style-local-53-c23-image aligncenter wp-image-322\" title=\"https:\/\/prochimera.com\/\" src=\"https:\/\/contentpops.com\/wp-content\/uploads\/2022\/05\/cropped-Chimera-header.png\" alt=\"\" width=\"376\" height=\"106\" srcset=\"https:\/\/contentpops.com\/wp-content\/uploads\/2022\/05\/cropped-Chimera-header.png 376w, https:\/\/contentpops.com\/wp-content\/uploads\/2022\/05\/cropped-Chimera-header-300x85.png 300w\" sizes=\"auto, (max-width: 376px) 100vw, 376px\" \/>\n<p>Hai un\u2019idea? Scrivici!<\/p>\n<\/div>\n<\/div>\n<\/div>\n<\/div>\n<\/div>\n<\/div>\n<\/div>\n<\/div>\n<\/div>\n<\/div>\n<\/div>\n\n<p><div class=\"forminator-ui forminator-custom-form forminator-custom-form-64 forminator-design--material  forminator_ajax\" data-forminator-render=\"0\" data-form=\"forminator-module-64\" data-uid=\"69ea4bd5a5d12\"><br\/><\/div><form\n\t\t\t\tid=\"forminator-module-64\"\n\t\t\t\tclass=\"forminator-ui forminator-custom-form forminator-custom-form-64 forminator-design--material  forminator_ajax\"\n\t\t\t\tmethod=\"post\"\n\t\t\t\tdata-forminator-render=\"0\"\n\t\t\t\tdata-form-id=\"64\"\n\t\t\t\t data-color-option=\"default\" data-design=\"material\" data-grid=\"open\" style=\"display: none;\"\n\t\t\t\tdata-uid=\"69ea4bd5a5d12\" action=\"\"\n\t\t\t><div role=\"alert\" aria-live=\"polite\" class=\"forminator-response-message forminator-error\" aria-hidden=\"true\"><\/div><div class=\"forminator-row\"><div id=\"name-1\" class=\"forminator-field-name forminator-col forminator-col-12\"><div class=\"forminator-field\"><label for=\"forminator-field-name-1_69ea4bd5a5d12\" id=\"forminator-field-name-1_69ea4bd5a5d12-label\" class=\"forminator-label\">First Name <span class=\"forminator-required\">*<\/span><\/label><input type=\"text\" name=\"name-1\" value=\"\" placeholder=\"E.g. John\" id=\"forminator-field-name-1_69ea4bd5a5d12\" class=\"forminator-input forminator-name--field\" aria-required=\"true\" autocomplete=\"name\" \/><\/div><\/div><\/div><div class=\"forminator-row\"><div id=\"email-1\" class=\"forminator-field-email forminator-col forminator-col-12\"><div class=\"forminator-field\"><label for=\"forminator-field-email-1_69ea4bd5a5d12\" id=\"forminator-field-email-1_69ea4bd5a5d12-label\" class=\"forminator-label\">Email Address <span class=\"forminator-required\">*<\/span><\/label><input type=\"email\" name=\"email-1\" value=\"\" placeholder=\"E.g. john@doe.com\" id=\"forminator-field-email-1_69ea4bd5a5d12\" class=\"forminator-input forminator-email--field\" data-required=\"true\" aria-required=\"true\" autocomplete=\"email\" \/><\/div><\/div><\/div><div class=\"forminator-row\"><div id=\"phone-1\" class=\"forminator-field-phone forminator-col forminator-col-12\"><div class=\"forminator-field\"><label for=\"forminator-field-phone-1_69ea4bd5a5d12\" id=\"forminator-field-phone-1_69ea4bd5a5d12-label\" class=\"forminator-label\">Phone Number<\/label><input type=\"text\" name=\"phone-1\" value=\"\" placeholder=\"E.g. +1 3004005000\" id=\"forminator-field-phone-1_69ea4bd5a5d12\" class=\"forminator-input forminator-field--phone\" data-required=\"\" aria-required=\"false\" autocomplete=\"off\" \/><\/div><\/div><\/div><div class=\"forminator-row\"><div id=\"textarea-1\" class=\"forminator-field-textarea forminator-col forminator-col-12\"><div class=\"forminator-field\"><label for=\"forminator-field-textarea-1_69ea4bd5a5d12\" id=\"forminator-field-textarea-1_69ea4bd5a5d12-label\" class=\"forminator-label\">Message<\/label><textarea name=\"textarea-1\" placeholder=\"Enter your message...\" id=\"forminator-field-textarea-1_69ea4bd5a5d12\" class=\"forminator-textarea\" rows=\"6\" style=\"--forminator-textarea-min-height:140px;\" maxlength=\"180\" ><\/textarea><span id=\"forminator-field-textarea-1_69ea4bd5a5d12-description\" class=\"forminator-description\"><span data-limit=\"180\" data-type=\"characters\" data-editor=\"\">0 \/ 180<\/span><\/span><\/div><\/div><\/div><div class=\"forminator-row\"><div id=\"captcha-1\" class=\"forminator-field-captcha forminator-col forminator-col-12\"><div class=\"forminator-captcha-left forminator-g-recaptcha recaptcha-invisible\" data-theme=\"light\" data-badge=\"inline\" data-sitekey=\"6Lee9hMmAAAAAOJJ7ryZx1EaEngn5b7vucff0ODW\" data-size=\"invisible\"><\/div> <\/div><\/div><input type=\"hidden\" name=\"referer_url\" value=\"\" \/><div class=\"forminator-row forminator-row-last\"><div class=\"forminator-col\"><div class=\"forminator-field\"><button class=\"forminator-button forminator-button-submit\"><span>Send Message<\/span><span aria-hidden=\"true\"><\/span><\/button><\/div><\/div><\/div><input type=\"hidden\" id=\"forminator_nonce\" name=\"forminator_nonce\" value=\"00888499bb\" \/><input type=\"hidden\" name=\"_wp_http_referer\" value=\"\/it\/wp-json\/wp\/v2\/pages\/53\" \/><input type=\"hidden\" name=\"form_id\" value=\"64\"><input type=\"hidden\" name=\"page_id\" value=\"53\"><input type=\"hidden\" name=\"form_type\" value=\"default\"><input type=\"hidden\" name=\"current_url\" value=\"https:\/\/contentpops.com\/it\/about\/\"><input type=\"hidden\" name=\"render_id\" value=\"0\"><input type=\"hidden\" name=\"action\" value=\"forminator_submit_form_custom-forms\"><input type=\"hidden\" name=\"trp-form-language\" value=\"it\"\/><\/form><\/p>","protected":false},"excerpt":{"rendered":"<p>Let\u2019s be real \u2014 adulting is hard enough without having to scroll through 47 tabs just to find the right throw pillow, a pair of [&hellip;]<\/p>","protected":false},"author":1,"featured_media":0,"parent":0,"menu_order":0,"comment_status":"closed","ping_status":"closed","template":"","meta":{"_monsterinsights_skip_tracking":false,"_monsterinsights_sitenote_active":false,"_monsterinsights_sitenote_note":"","_monsterinsights_sitenote_category":0,"_uf_show_specific_survey":0,"_uf_disable_surveys":false,"footnotes":""},"class_list":["post-53","page","type-page","status-publish","hentry"],"aioseo_notices":[],"_links":{"self":[{"href":"https:\/\/contentpops.com\/it\/wp-json\/wp\/v2\/pages\/53","targetHints":{"allow":["GET"]}}],"collection":[{"href":"https:\/\/contentpops.com\/it\/wp-json\/wp\/v2\/pages"}],"about":[{"href":"https:\/\/contentpops.com\/it\/wp-json\/wp\/v2\/types\/page"}],"author":[{"embeddable":true,"href":"https:\/\/contentpops.com\/it\/wp-json\/wp\/v2\/users\/1"}],"replies":[{"embeddable":true,"href":"https:\/\/contentpops.com\/it\/wp-json\/wp\/v2\/comments?post=53"}],"version-history":[{"count":8,"href":"https:\/\/contentpops.com\/it\/wp-json\/wp\/v2\/pages\/53\/revisions"}],"predecessor-version":[{"id":673,"href":"https:\/\/contentpops.com\/it\/wp-json\/wp\/v2\/pages\/53\/revisions\/673"}],"wp:attachment":[{"href":"https:\/\/contentpops.com\/it\/wp-json\/wp\/v2\/media?parent=53"}],"curies":[{"name":"wp","href":"https:\/\/api.w.org\/{rel}","templated":true}]}}